{"id":2,"date":"2025-11-20T21:09:35","date_gmt":"2025-11-20T21:09:35","guid":{"rendered":"http:\/\/www.karmi-brows.pl\/?page_id=2"},"modified":"2025-11-30T17:41:13","modified_gmt":"2025-11-30T17:41:13","slug":"sample-page","status":"publish","type":"page","link":"https:\/\/www.karmi-brows.pl\/","title":{"rendered":"O mnie"},"content":{"rendered":"\n<p class=\"has-text-align-center\">Cze\u015b\u0107! Nazywam si\u0119 Hanna Karmilicyna i specjalizuj\u0119 si\u0119 w tworzeniu naturalnych brwi, kt\u00f3re podkre\u015blaj\u0105 Twoje unikalne pi\u0119kno. \ud83d\udcab<br>Moja misja? Wydoby\u0107 to, co w Tobie najpi\u0119kniejsze &#8211; delikatnie, subtelnie, w zgodzie z Twoj\u0105 naturaln\u0105 urod\u0105.<br>Dzi\u015b nie tylko wykonuj\u0119 zabiegi, ale tak\u017ce dziel\u0119 si\u0119 swoj\u0105 wiedz\u0105, prowadz\u0105c szkolenia z zakresu stylizacji brwi, laminacji rz\u0119s i makija\u017cu.<br>Dlaczego warto mi zaufa\u0107?<br>\u2728 Stosuj\u0119 najwy\u017cszej jako\u015bci mineralne pigmenty premium, kt\u00f3re z czasem naturalnie si\u0119 wybarwiaj\u0105<br>\u2728 Efekt? Delikatny, subtelny makija\u017c, kt\u00f3ry po prostu podkre\u015bla Twoje naturalne rysy<br>\u2728 Do\u015bwiadczenie + edukacja = zabiegi dopasowane idealnie do Twoich potrzeb<br>Dla kogo jest m\u00f3j gabinet?<br>\u2714\ufe0f Dla os\u00f3b, kt\u00f3re chc\u0105 oszcz\u0119dza\u0107 czas na codziennym makija\u017cu<br>\u2714\ufe0f Dla tych, kt\u00f3rzy marz\u0105 o naturalnie pi\u0119knych brwiach<br>\u2714\ufe0f Dla wszystkich ceni\u0105cych sobie profesjonalizm i indywidualne podej\u015bcie<\/p>\n\n\n\n<p class=\"has-text-align-center\">Gotowa na zmian\u0119? Czekam na Ciebie w moim gabinecie! \ud83d\ude0a<\/p>\n\n\n\n<blockquote class=\"wp-block-quote is-layout-flow wp-block-quote-is-layout-flow\">\n<p>Zakres moich us\u0142ug:<\/p>\n\n\n\n<p><\/p>\n<\/blockquote>\n\n\n\n<ul class=\"wp-block-list\">\n<li>Makija\u017c permanentny brwi i oczu<\/li>\n\n\n\n<li>Usuwanie starego makija\u017cu permanentnego \u2013 laserem lub removerem<\/li>\n\n\n\n<li>Laminacja rz\u0119s<\/li>\n\n\n\n<li>Laminacja brwi z farbowaniem henn\u0105 i regulacj\u0105<\/li>\n\n\n\n<li>Makija\u017c na kazd\u0105 okazj\u0119<\/li>\n\n\n\n<li>Szkolenia:<br>\u2003\u2013 Brow Master. Base<br>\u2003\u2013 Laminacja Rz\u0119s<\/li>\n<\/ul>\n","protected":false},"excerpt":{"rendered":"<p>Cze\u015b\u0107! Nazywam si\u0119 Hanna Karmilicyna i specjalizuj\u0119 si\u0119 w tworzeniu naturalnych brwi, kt\u00f3re podkre\u015blaj\u0105 Twoje unikalne pi\u0119kno. \ud83d\udcabMoja misja? Wydoby\u0107 to, co w Tobie najpi\u0119kniejsze &#8211; delikatnie, subtelnie, w zgodzie<\/p>\n<p class=\"more-link\"><a href=\"https:\/\/www.karmi-brows.pl\/\" class=\"readmore\">Continue reading<span class=\"screen-reader-text\">O mnie<\/span><\/a><\/p>\n","protected":false},"author":1,"featured_media":0,"parent":0,"menu_order":0,"comment_status":"closed","ping_status":"open","template":"","meta":{"footnotes":""},"class_list":["post-2","page","type-page","status-publish","hentry"],"_links":{"self":[{"href":"https:\/\/www.karmi-brows.pl\/index.php?rest_route=\/wp\/v2\/pages\/2","targetHints":{"allow":["GET"]}}],"collection":[{"href":"https:\/\/www.karmi-brows.pl\/index.php?rest_route=\/wp\/v2\/pages"}],"about":[{"href":"https:\/\/www.karmi-brows.pl\/index.php?rest_route=\/wp\/v2\/types\/page"}],"author":[{"embeddable":true,"href":"https:\/\/www.karmi-brows.pl\/index.php?rest_route=\/wp\/v2\/users\/1"}],"replies":[{"embeddable":true,"href":"https:\/\/www.karmi-brows.pl\/index.php?rest_route=%2Fwp%2Fv2%2Fcomments&post=2"}],"version-history":[{"count":8,"href":"https:\/\/www.karmi-brows.pl\/index.php?rest_route=\/wp\/v2\/pages\/2\/revisions"}],"predecessor-version":[{"id":62,"href":"https:\/\/www.karmi-brows.pl\/index.php?rest_route=\/wp\/v2\/pages\/2\/revisions\/62"}],"wp:attachment":[{"href":"https:\/\/www.karmi-brows.pl\/index.php?rest_route=%2Fwp%2Fv2%2Fmedia&parent=2"}],"curies":[{"name":"wp","href":"https:\/\/api.w.org\/{rel}","templated":true}]}}