{"id":21,"date":"2025-11-20T21:24:28","date_gmt":"2025-11-20T21:24:28","guid":{"rendered":"https:\/\/www.karmi-brows.pl\/?page_id=21"},"modified":"2025-11-30T18:10:28","modified_gmt":"2025-11-30T18:10:28","slug":"rezerwacja","status":"publish","type":"page","link":"https:\/\/www.karmi-brows.pl\/?page_id=21","title":{"rendered":"Rezerwacja"},"content":{"rendered":"\n<p class=\"has-white-color has-text-color has-link-color wp-elements-e6d5daebcc1b33741df6d087f553cc9c\">Wizyt\u0119 mo\u017cesz zarezerwowa\u0107 na kilka sposob\u00f3w:<\/p>\n\n\n\n<div class=\"wp-block-group is-nowrap is-layout-flex wp-container-core-group-is-layout-ad2f72ca wp-block-group-is-layout-flex\">\n<p>Instagram (Wiadomo\u015b\u0107 prywatna)<\/p>\n\n\n\n<figure class=\"wp-block-image size-full is-resized\"><img loading=\"lazy\" decoding=\"async\" width=\"400\" height=\"400\" src=\"https:\/\/www.karmi-brows.pl\/wp-content\/uploads\/2025\/11\/image-1.png\" alt=\"\" class=\"wp-image-33\" style=\"width:20px;height:auto\" srcset=\"https:\/\/www.karmi-brows.pl\/wp-content\/uploads\/2025\/11\/image-1.png 400w, https:\/\/www.karmi-brows.pl\/wp-content\/uploads\/2025\/11\/image-1-300x300.png 300w, https:\/\/www.karmi-brows.pl\/wp-content\/uploads\/2025\/11\/image-1-150x150.png 150w, https:\/\/www.karmi-brows.pl\/wp-content\/uploads\/2025\/11\/image-1-70x70.png 70w, https:\/\/www.karmi-brows.pl\/wp-content\/uploads\/2025\/11\/image-1-80x80.png 80w, https:\/\/www.karmi-brows.pl\/wp-content\/uploads\/2025\/11\/image-1-50x50.png 50w\" sizes=\"auto, (max-width: 400px) 100vw, 400px\" \/><\/figure>\n\n\n\n<p><a href=\"https:\/\/www.instagram.com\/hanna_karmi_pmu\/\">https:\/\/www.instagram.com\/hanna_karmi_pmu\/<\/a><\/p>\n<\/div>\n\n\n\n<div class=\"wp-block-group is-nowrap is-layout-flex wp-container-core-group-is-layout-ad2f72ca wp-block-group-is-layout-flex\">\n<p>Booksy <\/p>\n\n\n\n<div class=\"wp-block-group is-nowrap is-layout-flex wp-container-core-group-is-layout-ad2f72ca wp-block-group-is-layout-flex\">\n<figure class=\"wp-block-image size-full is-resized\"><img loading=\"lazy\" decoding=\"async\" width=\"512\" height=\"512\" src=\"https:\/\/www.karmi-brows.pl\/wp-content\/uploads\/2025\/11\/image-7.png\" alt=\"\" class=\"wp-image-40\" style=\"width:20px;height:auto\" srcset=\"https:\/\/www.karmi-brows.pl\/wp-content\/uploads\/2025\/11\/image-7.png 512w, https:\/\/www.karmi-brows.pl\/wp-content\/uploads\/2025\/11\/image-7-300x300.png 300w, https:\/\/www.karmi-brows.pl\/wp-content\/uploads\/2025\/11\/image-7-150x150.png 150w, https:\/\/www.karmi-brows.pl\/wp-content\/uploads\/2025\/11\/image-7-70x70.png 70w, https:\/\/www.karmi-brows.pl\/wp-content\/uploads\/2025\/11\/image-7-80x80.png 80w, https:\/\/www.karmi-brows.pl\/wp-content\/uploads\/2025\/11\/image-7-50x50.png 50w\" sizes=\"auto, (max-width: 512px) 100vw, 512px\" \/><\/figure>\n\n\n\n<p><a href=\"https:\/\/beautyplacegd.booksy.com\/\">https:\/\/beautyplacegd.booksy.com\/<\/a><\/p>\n<\/div>\n<\/div>\n\n\n\n<div class=\"wp-block-group is-nowrap is-layout-flex wp-container-core-group-is-layout-ad2f72ca wp-block-group-is-layout-flex\">\n<p>Numer kontaktowy <\/p>\n\n\n\n<figure class=\"wp-block-image size-full is-resized\"><img loading=\"lazy\" decoding=\"async\" width=\"512\" height=\"512\" src=\"https:\/\/www.karmi-brows.pl\/wp-content\/uploads\/2025\/11\/image-5.png\" alt=\"\" class=\"wp-image-37\" style=\"width:20px;height:auto\" srcset=\"https:\/\/www.karmi-brows.pl\/wp-content\/uploads\/2025\/11\/image-5.png 512w, https:\/\/www.karmi-brows.pl\/wp-content\/uploads\/2025\/11\/image-5-300x300.png 300w, https:\/\/www.karmi-brows.pl\/wp-content\/uploads\/2025\/11\/image-5-150x150.png 150w, https:\/\/www.karmi-brows.pl\/wp-content\/uploads\/2025\/11\/image-5-70x70.png 70w, https:\/\/www.karmi-brows.pl\/wp-content\/uploads\/2025\/11\/image-5-80x80.png 80w, https:\/\/www.karmi-brows.pl\/wp-content\/uploads\/2025\/11\/image-5-50x50.png 50w\" sizes=\"auto, (max-width: 512px) 100vw, 512px\" \/><\/figure>\n\n\n\n<p><strong>+48 693-132-017<\/strong><\/p>\n<\/div>\n\n\n\n<div class=\"wp-block-group is-horizontal is-layout-flex wp-block-group-is-layout-flex\">\n<p>Gdzie si\u0119 znajduj\u0119?<\/p>\n\n\n\n<figure class=\"wp-block-image size-large is-resized\"><img loading=\"lazy\" decoding=\"async\" width=\"1024\" height=\"1024\" src=\"https:\/\/www.karmi-brows.pl\/wp-content\/uploads\/2025\/11\/image-18-1024x1024.png\" alt=\"\" class=\"wp-image-138\" style=\"width:20px;height:auto\" srcset=\"https:\/\/www.karmi-brows.pl\/wp-content\/uploads\/2025\/11\/image-18-1024x1024.png 1024w, https:\/\/www.karmi-brows.pl\/wp-content\/uploads\/2025\/11\/image-18-300x300.png 300w, https:\/\/www.karmi-brows.pl\/wp-content\/uploads\/2025\/11\/image-18-150x150.png 150w, https:\/\/www.karmi-brows.pl\/wp-content\/uploads\/2025\/11\/image-18-768x768.png 768w, https:\/\/www.karmi-brows.pl\/wp-content\/uploads\/2025\/11\/image-18-640x640.png 640w, https:\/\/www.karmi-brows.pl\/wp-content\/uploads\/2025\/11\/image-18-720x720.png 720w, https:\/\/www.karmi-brows.pl\/wp-content\/uploads\/2025\/11\/image-18-70x70.png 70w, https:\/\/www.karmi-brows.pl\/wp-content\/uploads\/2025\/11\/image-18-80x80.png 80w, https:\/\/www.karmi-brows.pl\/wp-content\/uploads\/2025\/11\/image-18-50x50.png 50w, https:\/\/www.karmi-brows.pl\/wp-content\/uploads\/2025\/11\/image-18.png 1200w\" sizes=\"auto, (max-width: 1024px) 100vw, 1024px\" \/><\/figure>\n\n\n\n<p><a href=\"https:\/\/maps.app.goo.gl\/jC7K1gmo6L2SK6667\">https:\/\/maps.app.goo.gl\/jC7K1gmo6L2SK6667<\/a><\/p>\n<\/div>\n\n\n\n<p><\/p>\n","protected":false},"excerpt":{"rendered":"<p>Wizyt\u0119 mo\u017cesz zarezerwowa\u0107 na kilka sposob\u00f3w: Instagram (Wiadomo\u015b\u0107 prywatna) https:\/\/www.instagram.com\/hanna_karmi_pmu\/ Booksy https:\/\/beautyplacegd.booksy.com\/ Numer kontaktowy +48 693-132-017 Gdzie si\u0119 znajduj\u0119? https:\/\/maps.app.goo.gl\/jC7K1gmo6L2SK6667<\/p>\n","protected":false},"author":1,"featured_media":0,"parent":0,"menu_order":0,"comment_status":"closed","ping_status":"closed","template":"","meta":{"footnotes":""},"class_list":["post-21","page","type-page","status-publish","hentry"],"_links":{"self":[{"href":"https:\/\/www.karmi-brows.pl\/index.php?rest_route=\/wp\/v2\/pages\/21","targetHints":{"allow":["GET"]}}],"collection":[{"href":"https:\/\/www.karmi-brows.pl\/index.php?rest_route=\/wp\/v2\/pages"}],"about":[{"href":"https:\/\/www.karmi-brows.pl\/index.php?rest_route=\/wp\/v2\/types\/page"}],"author":[{"embeddable":true,"href":"https:\/\/www.karmi-brows.pl\/index.php?rest_route=\/wp\/v2\/users\/1"}],"replies":[{"embeddable":true,"href":"https:\/\/www.karmi-brows.pl\/index.php?rest_route=%2Fwp%2Fv2%2Fcomments&post=21"}],"version-history":[{"count":5,"href":"https:\/\/www.karmi-brows.pl\/index.php?rest_route=\/wp\/v2\/pages\/21\/revisions"}],"predecessor-version":[{"id":142,"href":"https:\/\/www.karmi-brows.pl\/index.php?rest_route=\/wp\/v2\/pages\/21\/revisions\/142"}],"wp:attachment":[{"href":"https:\/\/www.karmi-brows.pl\/index.php?rest_route=%2Fwp%2Fv2%2Fmedia&parent=21"}],"curies":[{"name":"wp","href":"https:\/\/api.w.org\/{rel}","templated":true}]}}